{"id":3676,"date":"2024-03-11T11:15:33","date_gmt":"2024-03-11T10:15:33","guid":{"rendered":"https:\/\/www.shb-software.de\/hako\/?page_id=3676"},"modified":"2026-03-04T10:03:13","modified_gmt":"2026-03-04T09:03:13","slug":"3676-2","status":"publish","type":"page","link":"https:\/\/hakofreunde-weiher.de\/?page_id=3676","title":{"rendered":"Termine"},"content":{"rendered":"<section class=\"wpb-content-wrapper\"><p>[vc_row][vc_column][vc_column_text]<\/p>\n<p>&nbsp;<\/p>\n<p>[\/vc_column_text][\/vc_column][\/vc_row][vc_row css=&#8220;.vc_custom_1710153429040{margin-left: 100px !important;}&#8220;][vc_column width=&#8220;1\/2&#8243;][vc_column_text]<\/p>\n<p><strong><u>Veranstaltungskalender 2026 Hakofreunde Weiher e.V<\/u><\/strong><\/p>\n<p>03.01.2026\u00a0 \u00a0 \u00a0 \u00a0 \u00a0 Schlachtfest (<em>11:00 Uhr nur f\u00fcr Mitglieder u. Partner<\/em>)<\/p>\n<p>17.01.2026\u00a0 \u00a0 \u00a0 \u00a0 \u00a0\u00a0Theaterabend Hakofreunde in der MZH Weiher<\/p>\n<p>14.03.2026\u00a0 \u00a0 \u00a0 \u00a0 \u00a0 Jahreshauptversammlung (<em>18:00 Uhr im Adria<\/em>))<\/p>\n<p>14.05.2026\u00a0 \u00a0 \u00a0 \u00a0 \u00a0 Vatertagsfest mit Oldtimer- und Schleppertreffen<\/p>\n<p>11.07.2026\u00a0 \u00a0 \u00a0 \u00a0 \u00a0 Grillfest (<em>f\u00fcr Helfer Theaterabend bzw. Vatertagsfest<\/em>)<\/p>\n<p>04.09.2026\u00a0 \u00a0 \u00a0 \u00a0 \u00a0Hako- Party Band &#8222;Band ZAP Gang\u201c<\/p>\n<p>05.09.2026\u00a0 \u00a0 \u00a0 \u00a0 \u00a028. Weihermer Hakorennen<\/p>\n<p>19.09.2026\u00a0 \u00a0 \u00a0 \u00a0 \u00a0 Helferausflug<\/p>\n<p>26.12.2026\u00a0 \u00a0 \u00a0 \u00a0 \u00a0 Stefanswanderung<\/p>\n<p><strong><u>Veranstaltungskalender 2027 Hakofreunde Weiher e.V<\/u><\/strong><\/p>\n<p>05.01.2027\u00a0 \u00a0 \u00a0 \u00a0 \u00a0 Schlachtfest (11:00 Uhr nur f\u00fcr Mitglieder u. Partner)<\/p>\n<p>16.01.2027\u00a0 \u00a0 \u00a0 \u00a0 \u00a0 Theaterabend Hakofreunde in der MZH Weiher<span style=\"color: #000000;\">\u00a0<\/span><\/p>\n<p>20.03.2027\u00a0 \u00a0 \u00a0 \u00a0 \u00a0 Jahreshauptversammlung (<em>18:00 Uhr im Adria<\/em>))<\/p>\n<p>06.05.2027\u00a0 \u00a0 \u00a0 \u00a0 \u00a0 Vatertagsfest mit Oldtimer- und Schleppertreffen<\/p>\n<p>10.07.2027\u00a0 \u00a0 \u00a0 \u00a0 \u00a0 \u00a0Grillfest (ab 16:00 Uhr f\u00fcr Mitglieder und Partner)<\/p>\n<p>03.09.2027\u00a0 \u00a0 \u00a0 \u00a0 \u00a0 Hako- Party Band &#8222;ZAP Gang\u201c<\/p>\n<p>04.09.2027\u00a0 \u00a0 \u00a0 \u00a0 \u00a0 29. Weihermer Hakorennen<\/p>\n<p>18.09.2027\u00a0 \u00a0 \u00a0 \u00a0 \u00a0Helferausflug<\/p>\n<p>26.12.2027\u00a0 \u00a0 \u00a0 \u00a0 \u00a0 Stefanswanderung<\/p>\n<p><strong><u>Einachser-Rennen 2026<\/u><\/strong><\/p>\n<p>10-12.04.2026 Transbetxi (Spanien)<\/p>\n<p>30.05.2026 Sch\u00f6neberg ZH Schweiz<\/p>\n<p>31.05.2026 Scholleknacker Cup Einachserrennen<\/p>\n<p>13.06.2026 Fr\u00e4senrennen Landsh\u00e4user Hewl<\/p>\n<p>13.06.2026\u00a0 Uttwill Schweiz<\/p>\n<p>04.07.2026\u00a0 Hakorennen Dexheim<\/p>\n<p>18.07.2026\u00a0 Neuheim ZG Schweiz<\/p>\n<p>02.08.2026 Kerb mit Fr\u00e4senrennen Bensheim-Hochst\u00e4dten<\/p>\n<p>22.08.2026\u00a0 Gunzwil LU Schweiz<\/p>\n<p>05-06.09.2026 Hakorennen Weiher<\/p>\n<p>05.09.2026\u00a0 Brittnau LU Schweiz<\/p>\n<p>12.09.2026\u00a0 Einachserrennen Friesenheim<\/p>\n<p>19.09.2025 Einachserrennen Friesheim<\/p>\n<p><!--more--><\/p>\n<p>&nbsp;<\/p>\n<p>&nbsp;<\/p>\n<p>&nbsp;<\/p>\n<\/section>","protected":false},"excerpt":{"rendered":"<p>[vc_row][vc_column][vc_column_text] &nbsp; [\/vc_column_text][\/vc_column][\/vc_row][vc_row css=&#8220;.vc_custom_1710153429040{margin-left: 100px !important;}&#8220;][vc_column width=&#8220;1\/2&#8243;][vc_column_text] Veranstaltungskalender 2026 Hakofreunde [&hellip;]<\/p>\n","protected":false},"author":1,"featured_media":3878,"parent":0,"menu_order":0,"comment_status":"closed","ping_status":"closed","template":"","meta":{"advgb_blocks_editor_width":"","advgb_blocks_columns_visual_guide":"","_mi_skip_tracking":false,"footnotes":""},"class_list":["post-3676","page","type-page","status-publish","has-post-thumbnail","hentry"],"acf":[],"coauthors":[],"author_meta":{"author_link":"https:\/\/hakofreunde-weiher.de\/?author=1","display_name":"hs"},"relative_dates":{"created":"Posted 2\u00a0Jahren ago","modified":"Updated 2\u00a0Monaten ago"},"absolute_dates":{"created":"Posted on 11. M\u00e4rz 2024","modified":"Updated on 4. M\u00e4rz 2026"},"absolute_dates_time":{"created":"Posted on 11. M\u00e4rz 2024 11:15","modified":"Updated on 4. M\u00e4rz 2026 10:03"},"featured_img_caption":"","featured_img":"https:\/\/www.shb-software.de\/hako\/wp-content\/uploads\/2024\/09\/Banner_Termine_inPixio.jpg","series_order":"","_links":{"self":[{"href":"https:\/\/hakofreunde-weiher.de\/index.php?rest_route=\/wp\/v2\/pages\/3676","targetHints":{"allow":["GET"]}}],"collection":[{"href":"https:\/\/hakofreunde-weiher.de\/index.php?rest_route=\/wp\/v2\/pages"}],"about":[{"href":"https:\/\/hakofreunde-weiher.de\/index.php?rest_route=\/wp\/v2\/types\/page"}],"author":[{"embeddable":true,"href":"https:\/\/hakofreunde-weiher.de\/index.php?rest_route=\/wp\/v2\/users\/1"}],"replies":[{"embeddable":true,"href":"https:\/\/hakofreunde-weiher.de\/index.php?rest_route=%2Fwp%2Fv2%2Fcomments&post=3676"}],"version-history":[{"count":40,"href":"https:\/\/hakofreunde-weiher.de\/index.php?rest_route=\/wp\/v2\/pages\/3676\/revisions"}],"predecessor-version":[{"id":4035,"href":"https:\/\/hakofreunde-weiher.de\/index.php?rest_route=\/wp\/v2\/pages\/3676\/revisions\/4035"}],"wp:featuredmedia":[{"embeddable":true,"href":"https:\/\/hakofreunde-weiher.de\/index.php?rest_route=\/wp\/v2\/media\/3878"}],"wp:attachment":[{"href":"https:\/\/hakofreunde-weiher.de\/index.php?rest_route=%2Fwp%2Fv2%2Fmedia&parent=3676"}],"curies":[{"name":"wp","href":"https:\/\/api.w.org\/{rel}","templated":true}]}}