{"id":3759,"date":"2024-04-15T09:07:47","date_gmt":"2024-04-15T07:07:47","guid":{"rendered":"https:\/\/www.shb-software.de\/hako\/?page_id=3759"},"modified":"2025-06-05T13:08:26","modified_gmt":"2025-06-05T11:08:26","slug":"impressum","status":"publish","type":"page","link":"https:\/\/hakofreunde-weiher.de\/?page_id=3759","title":{"rendered":"Impressum"},"content":{"rendered":"<section class=\"wpb-content-wrapper\"><p>[vc_row][vc_column width=&#8220;1\/2&#8243;][vc_single_image image=&#8220;2629&#8243; img_size=&#8220;medium&#8220; css=&#8220;.vc_custom_1707473469532{margin-left: 100px !important;}&#8220;][\/vc_column][vc_column width=&#8220;1\/2&#8243;][\/vc_column][\/vc_row][vc_row][vc_column][vc_column_text css=&#8220;.vc_custom_1749121697961{margin-right: 100px !important;margin-left: 100px !important;}&#8220;]<\/p>\n<div class=\"art-postmetadataheader\">\n<h1 class=\"h1-style\">Impressum<\/h1>\n<p class=\"subline\">Hakofreunde Weiher 2007 e.V.<\/p>\n<div class=\"dist1\"><\/div>\n<div class=\"dist1\"><\/div>\n<p>Angabe gem\u00e4\u00df Informationspflicht laut \u00a7 5 Telmediengesetz (TMG).<\/p>\n<p>Heerstra\u00dfe 97<br \/>\n76698 Ubstadt-Weiher<\/p>\n<p><strong>Vereinszweck: Pflege und Erhalt von alten Landwirtschaftlichen Ger\u00e4ten und Maschinen\u00a0<\/strong><\/p>\n<div class=\"dist1\"><\/div>\n<p><strong>Gemeinschaftlich vertretungsbefugt:<\/strong><\/p>\n<p>1. Vorsitzender<\/p>\n<p>Steffen Bollheimer<\/p>\n<p>Steffen.Bollheimer@dwa-online.com<\/p>\n<p>Tel.: +49 171 9745823<\/p>\n<h2 class=\"art-postheader\"><\/h2>\n<p>2. Vorsitzender<\/p>\n<p>Meinrad Spengler<\/p>\n<p>meinradspengler@gmail.de<\/p>\n<p>Tel.: +49 170 7576666<\/p>\n<p>&nbsp;<\/p>\n<h2 class=\"art-postheader\"><\/h2>\n<p><strong>Registrieren:\u00a0<\/strong>Vereinsregister<\/p>\n<p><strong>Registernummer:\u00a0 VR231294<\/strong><\/p>\n<p><strong>Registergericht:\u00a0<\/strong>Bruchsal<\/p>\n<div class=\"dist3\"><\/div>\n<p class=\"subline\">Haftung f\u00fcr die Inhalte diese Webseite<\/p>\n<div class=\"dist1\"><\/div>\n<p>Wir entwickeln die Inhalte dieser Webseite st\u00e4ndig weiter und bem\u00fchen uns, korrekte und aktuelle Informationen bereitzustellen. Leider k\u00f6nnen wir keine Haftung f\u00fcr die Korrektheit aller Inhalte dieser Seite \u00fcbernehmen, speziell f\u00fcr jene, die seitens Dritter bereitgestellt wurden. Als Diensteanbieter sind wir verpflichtet, die von Ihnen \u00fcbermittelten oder gespeicherten Informationen zu \u00fcberwachen oder nach Umst\u00e4nden zu forschen, die auf eine rechtswidrige T\u00e4tigkeit hinweisen.<\/p>\n<p>Unsere Verpflichtungen zur Entfernung von Informationen oder zur Sperrung der Nutzung von Informationen nach den allgemeinen Gesetzen aufgrund von gerichtlichen oder beh\u00f6rdlichen Anordnungen bleiben auch im Falle unserer Nichtverantwortlichkeit davon unber\u00fchrt.<\/p>\n<h2 class=\"art-postheader\"><\/h2>\n<p>Sollten Ihne problematische oder rechtswidrige Inhalte auffallen, bitten wir Sie uns umgehend zu kontaktieren, damit wir die rechtwidrigen Inhalte entfernen k\u00f6nnen. Sie finden die Kontaktdaten hier im Impressum.<\/p>\n<div class=\"dist2\"><\/div>\n<p>Haftung f\u00fcr Links auf dieser Webseite<\/p>\n<div class=\"dist1\"><\/div>\n<p>Unsere Webseite enth\u00e4lt Links zu anderen Websites f\u00fcr deren Inhalte wir nicht verantwortlich sind. Haftung f\u00fcr verlinkte Websites besteht f\u00fcr uns nicht, da wir keine Kenntnis rechtwidriger T\u00e4tigkeiten hatten und haben, uns solche auch nicht aufgefallen sind und wir Links sofort entfernen w\u00fcrden, wenn uns Rechtswidrigkeiten becan werden.<\/p>\n<h2 class=\"art-postheader\"><\/h2>\n<p>Wenn Ihnen rechtswidrige Links auf unserer Website auffallen, bitten wir Sie uns zwecks L\u00f6schung zu kontaktieren.<\/p>\n<div class=\"dist2\"><\/div>\n<p class=\"subline\">Urheberrechtshinweis<\/p>\n<div class=\"dist1\"><\/div>\n<p>Alle Inhalte dieser Webseite (Bilder, Fotos, Texte, unsere Wetterdaten, &#8230;) unterliegen dem Urheberrecht. Inhalte dieser Seite d\u00fcrfen ohne unser ausdr\u00fcckliches Einverst\u00e4ndnis nicht verbreitet, vervielf\u00e4ltigt oder verwertet werden.<\/p>\n<\/div>\n<p>[\/vc_column_text][\/vc_column][\/vc_row]<\/p>\n<\/section>","protected":false},"excerpt":{"rendered":"<p>[vc_row][vc_column width=&#8220;1\/2&#8243;][vc_single_image image=&#8220;2629&#8243; img_size=&#8220;medium&#8220; css=&#8220;.vc_custom_1707473469532{margin-left: 100px !important;}&#8220;][\/vc_column][vc_column width=&#8220;1\/2&#8243;][\/vc_column][\/vc_row][vc_row][vc_column][vc_column_text css=&#8220;.vc_custom_1749121697961{margin-right: 100px [&hellip;]<\/p>\n","protected":false},"author":1,"featured_media":0,"parent":0,"menu_order":0,"comment_status":"closed","ping_status":"closed","template":"blank-slate-template.php","meta":{"advgb_blocks_editor_width":"","advgb_blocks_columns_visual_guide":"","_mi_skip_tracking":false,"footnotes":""},"class_list":["post-3759","page","type-page","status-publish","hentry"],"acf":[],"coauthors":[],"author_meta":{"author_link":"https:\/\/hakofreunde-weiher.de\/?author=1","display_name":"hs"},"relative_dates":{"created":"Posted 2\u00a0Jahren ago","modified":"Updated 11\u00a0Monaten ago"},"absolute_dates":{"created":"Posted on 15. April 2024","modified":"Updated on 5. Juni 2025"},"absolute_dates_time":{"created":"Posted on 15. April 2024 9:07","modified":"Updated on 5. Juni 2025 13:08"},"featured_img_caption":"","featured_img":false,"series_order":"","_links":{"self":[{"href":"https:\/\/hakofreunde-weiher.de\/index.php?rest_route=\/wp\/v2\/pages\/3759","targetHints":{"allow":["GET"]}}],"collection":[{"href":"https:\/\/hakofreunde-weiher.de\/index.php?rest_route=\/wp\/v2\/pages"}],"about":[{"href":"https:\/\/hakofreunde-weiher.de\/index.php?rest_route=\/wp\/v2\/types\/page"}],"author":[{"embeddable":true,"href":"https:\/\/hakofreunde-weiher.de\/index.php?rest_route=\/wp\/v2\/users\/1"}],"replies":[{"embeddable":true,"href":"https:\/\/hakofreunde-weiher.de\/index.php?rest_route=%2Fwp%2Fv2%2Fcomments&post=3759"}],"version-history":[{"count":9,"href":"https:\/\/hakofreunde-weiher.de\/index.php?rest_route=\/wp\/v2\/pages\/3759\/revisions"}],"predecessor-version":[{"id":3956,"href":"https:\/\/hakofreunde-weiher.de\/index.php?rest_route=\/wp\/v2\/pages\/3759\/revisions\/3956"}],"wp:attachment":[{"href":"https:\/\/hakofreunde-weiher.de\/index.php?rest_route=%2Fwp%2Fv2%2Fmedia&parent=3759"}],"curies":[{"name":"wp","href":"https:\/\/api.w.org\/{rel}","templated":true}]}}