{"id":3884,"date":"2024-09-12T08:27:22","date_gmt":"2024-09-12T06:27:22","guid":{"rendered":"https:\/\/hakofreunde-weiher.de\/?page_id=3884"},"modified":"2025-09-21T17:03:27","modified_gmt":"2025-09-21T15:03:27","slug":"das-rennen-5","status":"publish","type":"page","link":"https:\/\/hakofreunde-weiher.de\/?page_id=3884","title":{"rendered":"Rennen\/Anmelden"},"content":{"rendered":"<section class=\"wpb-content-wrapper\"><p>[vc_row][vc_column width=&#8220;1\/2&#8243;][vc_column_text]<\/p>\n<h1><\/h1>\n<p><img loading=\"lazy\" decoding=\"async\" class=\"alignnone size-large wp-image-3987\" src=\"https:\/\/www.shb-software.de\/hako\/wp-content\/uploads\/2025\/09\/Plakat_2026-728x1024.jpg\" alt=\"\" width=\"728\" height=\"1024\" srcset=\"https:\/\/www.shb-software.de\/hako\/wp-content\/uploads\/2025\/09\/Plakat_2026-728x1024.jpg 728w, https:\/\/www.shb-software.de\/hako\/wp-content\/uploads\/2025\/09\/Plakat_2026-213x300.jpg 213w, https:\/\/www.shb-software.de\/hako\/wp-content\/uploads\/2025\/09\/Plakat_2026-768x1080.jpg 768w, https:\/\/www.shb-software.de\/hako\/wp-content\/uploads\/2025\/09\/Plakat_2026-1093x1536.jpg 1093w, https:\/\/www.shb-software.de\/hako\/wp-content\/uploads\/2025\/09\/Plakat_2026-1457x2048.jpg 1457w, https:\/\/www.shb-software.de\/hako\/wp-content\/uploads\/2025\/09\/Plakat_2026-159x223.jpg 159w, https:\/\/www.shb-software.de\/hako\/wp-content\/uploads\/2025\/09\/Plakat_2026.jpg 1821w\" sizes=\"auto, (max-width: 728px) 100vw, 728px\" \/><\/p>\n<p>&nbsp;<\/p>\n<p>[\/vc_column_text][\/vc_column][vc_column width=&#8220;1\/2&#8243;][vc_column_text]<\/p>\n<h1><\/h1>\n<h1><\/h1>\n<h1><\/h1>\n<h1><\/h1>\n<p>&nbsp;<\/p>\n<p>&nbsp;<\/p>\n<h1><\/h1>\n<h1><\/h1>\n<h1><\/h1>\n<p>&nbsp;<\/p>\n<h1><\/h1>\n<h1><strong>Hakorennen Weiher 2026<\/strong><\/h1>\n<p>&nbsp;<\/p>\n<p>Das Hako-Rennen findet jedes Jahr am ersten Samstag im September statt. Der Parcours wird vom Rennleiter festgelegt und von den Mitgliedern aufgebaut. Fahren darf eigentlich jeder, der einen Einachser hat.<br \/>\nGenauere Informationen \u00fcber Klasseneinteilungen und Anmeldeformular folgen im Anschluss.<br \/>\nDie Streckenl\u00e4nge betr\u00e4gt ca. 1200 m. Es werden, je nach Lust und Laune der Verantwortlichen, Schikanen und Beifahrerpr\u00fcfungen festgelegt.<br \/>\nDiese dienen nat\u00fcrlich im ersten Sinne der Beurteilung der Geschicklichkeit des Fahrers und Beifahrers eines Teams, aber auch der Belustigung der Zuschauer.<br \/>\nAnreise ist freitags ab 12:00 Uhr, ab 15:30 Uhr Freies Training.<br \/>\nAb 20:00 Uhr spielt dann eine Live Band.<br \/>\nSamstag ab 09:00 Uhr Freies Training, ab ca. 11:30 Uhr Start des Rennens<br \/>\nca. 18:00 Uhr Siegerehrung.<br \/>\nDie Teams treten nacheinander an. Gefahren wird gemischt, also nicht in den verschiedenen Klassen getrennt.<br \/>\nGewertet wird in den Klassen nach Zeit.<br \/>\nIn der Ackerklasse und in der Sportklasse m\u00fcssen Fahrer und Beifahrer ein Mindestalter von 15 Jahren haben.<br \/>\nAlle weiteren Klassen verlangen ein Mindestalter von 18 Jahren.<br \/>\nBewirtung und Getr\u00e4nkeausschank ist selbstverst\u00e4ndlich.<br \/>\nIm Parc Ferme k\u00f6nnen die Gef\u00e4hrte bestaunt werden.[\/vc_column_text][vc_btn title=&#8220;So kommst du zum Rennen&#8220; color=&#8220;green&#8220; align=&#8220;center&#8220; button_block=&#8220;true&#8220; link=&#8220;url:https%3A%2F%2Fhakofreunde-weiher.de%2F%3Fpage_id%3D3567|title:Anfahrt|target:_blank&#8220;][vc_column_text][\/vc_column_text][vc_btn title=&#8220;Anmeldungen. Zur Zeit noch nicht m\u00f6glich !&#8220; color=&#8220;danger&#8220; align=&#8220;center&#8220; button_block=&#8220;true&#8220; link=&#8220;url:%23%23https%3A%2F%2Fform.jotform.com%2Fhakofreunde%2Fanmeldung-hakorennen-2025|title:Anmeldeformular&#8220;][\/vc_column][\/vc_row][vc_row][vc_column][\/vc_column][\/vc_row][vc_row][vc_column][vc_column_text]<\/p>\n<h2><strong>Technisches Reglement<\/strong><\/h2>\n<p>[\/vc_column_text][\/vc_column][\/vc_row][vc_row][vc_column width=&#8220;1\/2&#8243;][vc_column_text]<strong>Ackerklasse:<\/strong><br \/>\n&#8211; Der Einachser muss sich in original Zustand befinden<br \/>\no es sind keine Umbau und Tuningma\u00dfnahmen am und im Motor und Getriebe zul\u00e4ssig, die<br \/>\nder Steigerung der Leistung und Geschwindigkeit dienen<br \/>\no nur R\u00e4der mit AS-Bereifung auf Stahlfelgen sind auf der Zugmaschine zul\u00e4ssig<br \/>\no An- &amp; Umbauten die zur Sicherheit von Fahrer &amp; Beifahrer dienen werden<br \/>\nakzeptiert.(Halte-, \u00dcberrollb\u00fcgel, Lenkanschl\u00e4ge und Seitenhalt auf der Sitzbank)<br \/>\no Bei einer Agria 1700 muss der 4. Gang gesperrt sein<br \/>\no Die maximale Geschwindigkeit des Einachsers darf im gr\u00f6\u00dften Gang 25km\/h nicht<br \/>\n\u00fcbersteigen. (Geschwindigkeit wird gepr\u00fcft)<br \/>\n&#8211; Original und Eigenbauanh\u00e4nger sind erlaubt<br \/>\no Der Anh\u00e4nger muss eine erkennbare Ladefl\u00e4che mit mindestens 3 Bordw\u00e4nden besitzen<br \/>\no Allradgetriebene Anh\u00e4nger sind erlaubt, aber nur als orig. Marken Triebachsh\u00e4nger<br \/>\no Die Ladefl\u00e4che muss mindestens 1m2<br \/>\ngro\u00df sein, und eine Bordwandh\u00f6he vom 30cm<br \/>\naufwei\u00dfen (ausgenommen sind unver\u00e4nderte original Markenh\u00e4nger die kleinere Ma\u00dfe<br \/>\naufweisen[\/vc_column_text][\/vc_column][vc_column width=&#8220;1\/2&#8243;][vc_column_text]<strong>Sportklasse:<\/strong><br \/>\n&#8211; Einachser mit original verbautem Einachsermotor laut Betriebserlaubnis ohne<br \/>\nLeistungsbeschr\u00e4nkung<br \/>\no Motorteile d\u00fcrfen mechanisch bearbeitet werden<br \/>\no Der Motorrumpf und der Zylinder m\u00fcssen vom originalen Motor sein<br \/>\no Es d\u00fcrfen keine Turbo, Kompressor oder NOS (N2O) aufgeladenen Motoren zum Einsatz<br \/>\nkommen<br \/>\no Zusatzbremsen am Einachser sind erlaubt.<br \/>\no Freie R\u00e4derwahl<br \/>\no mehrfach Motorisierung &amp; sogenannte bauartgleiche bzw. Austausch-Motoren von<br \/>\nanderen Einachser-Typen mit h\u00f6herer Leistung &amp; Hubraum sind nicht erlaubt<br \/>\no Getriebeumbauten und Ver\u00e4nderungen der Getriebe\u00fcbersetzung sind nicht erlaubt<br \/>\no Radnabenfreil\u00e4ufe sind nicht erlaubt<br \/>\n&#8211; Freie Anh\u00e4ngerwahl<br \/>\no Deichsel- &amp; Achsfederung am H\u00e4nger sind erlaubt<br \/>\no Triebachsanh\u00e4nger sind nicht erlaubt<br \/>\no die Lenkung muss weiterhin als Knicklenkung, wie bei allen originalen Einachsern<br \/>\nfunktionieren. Radlenkung ist nicht erlaub[\/vc_column_text][\/vc_column][\/vc_row][vc_row][vc_column width=&#8220;1\/2&#8243;][vc_column_text]<strong>Supersportklasse:<\/strong><br \/>\n&#8211; Einachser mit 1-Zylinder Fremdmotoren bis 400ccm ohne Leistungsbeschr\u00e4nkung<br \/>\no Es d\u00fcrfen nur original Einachsergetriebe zum Einsatz kommen<br \/>\no Getriebeumbau und Ver\u00e4nderung der Getriebe\u00fcbersetzung ist erlaubt<br \/>\no Motor muss auf der Vorderachse verbaut sein und die Kraft\u00fcbertragung von Motor zu der<br \/>\nAchse\/R\u00e4dern muss \u00fcber das Einachsergetriebe erfolgen<br \/>\no Es d\u00fcrfen nur Motoren ohne zus\u00e4tzliche Getriebeeinheit und ohne zus\u00e4tzliche<br \/>\nKupplungseinheit verbaut werden<br \/>\no Der Kraftfluss vom Motor zu den Antriebsachsen muss dem originalen Kraftfluss<br \/>\nentsprechen<br \/>\no Es d\u00fcrfen keine Turbo, Kompressor oder NOS (N2O) aufgeladenen Motoren zum Einsatz<br \/>\nkommen<br \/>\no Pro komplettem verbautem Einachsergetriebe ist nur 1 Motor erlaubt<br \/>\no Zusatzbremsen am Einachser sind erlaubt<br \/>\no Freie R\u00e4derwahl<br \/>\no Radnabenfreil\u00e4ufe sind nicht erlaubt<\/p>\n<p>&nbsp;<\/p>\n<p>&nbsp;<\/p>\n<p>[\/vc_column_text][\/vc_column][vc_column width=&#8220;1\/2&#8243;][vc_column_text]<strong>Offene Klasse:<\/strong><br \/>\n&#8211; Einachser mit Fremdmotoren begrenzt auf 2 Zylinder und 750ccm<br \/>\no Der Motor muss auf der Vorderachse verbaut sein und die Kraft\u00fcbertragung vom Motor zu<br \/>\nder Achse\/R\u00e4der \u00fcber das Einachsergetriebe oder \u00fcber die Achse die sich im originalen<br \/>\nEinachsergetriebegeh\u00e4use befindet erfolgen. Die originale Getriebeachse muss weiterhin<br \/>\nals Abtriebsachse zu den R\u00e4dern verwendet werden.<br \/>\no Zusatzbremsen am Einachser sind erlaubt<br \/>\no Freie R\u00e4derwahl<br \/>\no Es d\u00fcrfen keine Turbo, Kompressor oder NO\u00b2 aufgeladenen Motoren zum Einsatz kommen<br \/>\no Differentiale d\u00fcrfen nicht nachger\u00fcstet werden<br \/>\no Die Schaltung muss sich innerhalb des originalen Getriebekastens befinden.<br \/>\n(Ist das Getriebe au\u00dferhalb darf nicht geschaltet werden)<br \/>\nWenn ein Zusatzgetriebe au\u00dferhalb des originalen Getriebekasten verbaut ist muss der<br \/>\nGang am Start mit Hilfe einer Schaltsperre arretiert werden k\u00f6nnen<br \/>\no Der Getriebetyp muss dem des originalen Getriebetyp des verwendeten Einachsergetriebes<br \/>\nentsprechen (z.B. Variomatik , Hydrostat oder Schaltgetriebe)<br \/>\no Das originale Getriebegeh\u00e4use darf nicht vergr\u00f6\u00dfert werden, um zus\u00e4tzliche<br \/>\nGetriebebauteile und Differentiale zu verbauen.<br \/>\no Verkleinern des Getriebegeh\u00e4uses und entfernen von Getriebebauteilen ist erlaubt<br \/>\no Radnabenfreil\u00e4ufe sind nicht erlaubt<br \/>\no Elektromotoren sind erlaubt[\/vc_column_text][\/vc_column][\/vc_row][vc_row][vc_column width=&#8220;1\/2&#8243;][\/vc_column][vc_column width=&#8220;1\/2&#8243;][\/vc_column][\/vc_row][vc_row][vc_column][vc_column_text]<strong>Prototypenklasse:<\/strong><br \/>\n&#8211; Einachser mit Fremdmotoren begrenzt auf 2 Zylinder und 750ccm<br \/>\no Federung der Zugmaschine ist erlaubt<br \/>\no Der Motor muss auf der Vorderachse verbaut sein und die Kraft\u00fcbertragung vom Motor zu<br \/>\nder Achse\/R\u00e4der \u00fcber das Einachsergetriebe oder \u00fcber die Achse die sich im originalen<br \/>\nEinachsergetriebegeh\u00e4use befindet erfolgen. Die originale Getriebeachse muss weiterhin<br \/>\nals Abtriebsachse zu den R\u00e4dern verwendet werden.<br \/>\no Zusatzbremsen am Einachser sind erlaubt<br \/>\no Freie R\u00e4derwahl<br \/>\no Es d\u00fcrfen keine Turbo, Kompressor oder NOS (N2O) aufgeladenen Motoren zum Einsatz<br \/>\nkommen<br \/>\no Differentiale d\u00fcrfen nachger\u00fcstet werden<br \/>\no Die Schaltung muss sich innerhalb des originalen Getriebekastens befinden.<br \/>\n(Ist das Getriebe au\u00dferhalb darf nicht geschaltet werden)<br \/>\nWenn ein Zusatzgetriebe au\u00dferhalb des originalen Getriebekasten verbaut ist muss der<br \/>\nGang am Start mit Hilfe einer Schaltsperre arretiert werden k\u00f6nnen<br \/>\no Der Getriebetyp muss dem des originalen Getriebetyp des verwendeten Einachsergetriebes<br \/>\nentsprechen (z.B. Variomatik, Hydrostat oder Schaltgetriebe)<br \/>\no Das originale Getriebegeh\u00e4use darf nicht vergr\u00f6\u00dfert werden, um zus\u00e4tzliche<br \/>\nGetriebebauteile und Differentiale zu verbauen.<br \/>\no Verkleinern des Getriebegeh\u00e4uses und entfernen von Getriebebauteilen ist erlaubt<br \/>\no Elektromotoren sind erlaubt[\/vc_column_text][\/vc_column][\/vc_row]<\/p>\n<\/section>","protected":false},"excerpt":{"rendered":"<p>[vc_row][vc_column width=&#8220;1\/2&#8243;][vc_column_text] &nbsp; [\/vc_column_text][\/vc_column][vc_column width=&#8220;1\/2&#8243;][vc_column_text] &nbsp; &nbsp; &nbsp; Hakorennen Weiher [&hellip;]<\/p>\n","protected":false},"author":1,"featured_media":3825,"parent":0,"menu_order":0,"comment_status":"closed","ping_status":"closed","template":"","meta":{"advgb_blocks_editor_width":"","advgb_blocks_columns_visual_guide":"","_mi_skip_tracking":false,"footnotes":""},"class_list":["post-3884","page","type-page","status-publish","has-post-thumbnail","hentry"],"acf":[],"coauthors":[],"author_meta":{"author_link":"https:\/\/hakofreunde-weiher.de\/?author=1","display_name":"hs"},"relative_dates":{"created":"Posted 2\u00a0Jahren ago","modified":"Updated 7\u00a0Monaten ago"},"absolute_dates":{"created":"Posted on 12. September 2024","modified":"Updated on 21. September 2025"},"absolute_dates_time":{"created":"Posted on 12. September 2024 8:27","modified":"Updated on 21. September 2025 17:03"},"featured_img_caption":"","featured_img":"https:\/\/www.shb-software.de\/hako\/wp-content\/uploads\/2024\/04\/Banner-Blog4-neue-Groesse.jpg","series_order":"","_links":{"self":[{"href":"https:\/\/hakofreunde-weiher.de\/index.php?rest_route=\/wp\/v2\/pages\/3884","targetHints":{"allow":["GET"]}}],"collection":[{"href":"https:\/\/hakofreunde-weiher.de\/index.php?rest_route=\/wp\/v2\/pages"}],"about":[{"href":"https:\/\/hakofreunde-weiher.de\/index.php?rest_route=\/wp\/v2\/types\/page"}],"author":[{"embeddable":true,"href":"https:\/\/hakofreunde-weiher.de\/index.php?rest_route=\/wp\/v2\/users\/1"}],"replies":[{"embeddable":true,"href":"https:\/\/hakofreunde-weiher.de\/index.php?rest_route=%2Fwp%2Fv2%2Fcomments&post=3884"}],"version-history":[{"count":8,"href":"https:\/\/hakofreunde-weiher.de\/index.php?rest_route=\/wp\/v2\/pages\/3884\/revisions"}],"predecessor-version":[{"id":3988,"href":"https:\/\/hakofreunde-weiher.de\/index.php?rest_route=\/wp\/v2\/pages\/3884\/revisions\/3988"}],"wp:featuredmedia":[{"embeddable":true,"href":"https:\/\/hakofreunde-weiher.de\/index.php?rest_route=\/wp\/v2\/media\/3825"}],"wp:attachment":[{"href":"https:\/\/hakofreunde-weiher.de\/index.php?rest_route=%2Fwp%2Fv2%2Fmedia&parent=3884"}],"curies":[{"name":"wp","href":"https:\/\/api.w.org\/{rel}","templated":true}]}}